{"id":420,"date":"2025-05-05T10:21:36","date_gmt":"2025-05-05T10:21:36","guid":{"rendered":"https:\/\/spainnewstips.com\/?page_id=420"},"modified":"2025-05-05T10:21:36","modified_gmt":"2025-05-05T10:21:36","slug":"politica-de-cookies","status":"publish","type":"page","link":"https:\/\/spainnewstips.com\/?page_id=420","title":{"rendered":"Pol\u00edtica de cookies"},"content":{"rendered":"<p>Esta Pol\u00edtica de Cookies explica qu\u00e9 son las Cookies y c\u00f3mo las utilizamos. Usted debe leer esta pol\u00edtica para poder entender qu\u00e9 tipo de cookies utilizamos, o la informaci\u00f3n que recopilamos utilizando Cookies y c\u00f3mo se utiliza esa informaci\u00f3n.<\/p>\n<p>Las cookies no suelen contener informaci\u00f3n que identifique personalmente a un usuario, pero la informaci\u00f3n personal que almacenamos sobre Usted puede estar vinculada a la informaci\u00f3n almacenada y obtenida de las cookies. Para m\u00e1s informaci\u00f3n sobre c\u00f3mo utilizamos, almacenamos y mantenemos seguros sus datos personales, consulte nuestra Pol\u00edtica de Privacidad.<\/p>\n<p>No almacenamos informaci\u00f3n personal sensible, como direcciones de correo, contrase\u00f1as de cuentas, etc. en las cookies que utilizamos.<\/p>\n<h2>Interpretaci\u00f3n y definiciones<\/h2>\n<h3>Interpretaci\u00f3n<\/h3>\n<p>Las palabras cuya inicial aparece en may\u00fascula tienen los significados que se definen a continuaci\u00f3n. Las siguientes definiciones tendr\u00e1n el mismo significado independientemente de que aparezcan en singular o en plural.<\/p>\n<h3>Definiciones<\/h3>\n<p>A los efectos de la presente Pol\u00edtica de Cookies:<\/p>\n<ul>\n<li><strong>Empresa<\/strong> (denominada &quot;la Empresa&quot;, &quot;Nosotros&quot;, &quot;Nos&quot; o &quot;Nuestro&quot; en la presente Pol\u00edtica de Cookies) se refiere a Spain news tips S.L., Gran V\u00eda, 6, Centro, 28013 Madrid, Espa\u00f1a.<\/li>\n<li>Las<strong>cookies<\/strong> son peque\u00f1os archivos que un sitio web coloca en su ordenador, dispositivo m\u00f3vil o cualquier otro dispositivo y que contienen, entre otras cosas, informaci\u00f3n sobre su historial de navegaci\u00f3n en ese sitio web.<\/li>\n<li><strong>El sitio web<\/strong> se refiere a Spain news tips S.L., accesible desde <a href=\"https:\/\/spainnewstips.com\" rel=\"external nofollow noopener\" target=\"_blank\">https:\/\/spainnewstips.com\/<\/a><\/li>\n<li><strong>Usted<\/strong> es la persona f\u00edsica que accede o utiliza el Sitio Web, o una empresa, o cualquier entidad jur\u00eddica en nombre de la cual dicha persona f\u00edsica accede o utiliza el Sitio Web, seg\u00fan proceda.<\/li>\n<\/ul>\n<h2>Uso de las cookies<\/h2>\n<h3>Tipo de cookies que utilizamos<\/h3>\n<p>Las cookies pueden ser &quot;persistentes&quot; o &quot;de sesi\u00f3n&quot;. Las Cookies persistentes permanecen en su ordenador personal o dispositivo m\u00f3vil cuando se desconecta, mientras que las Cookies de sesi\u00f3n se eliminan en cuanto cierra su navegador web.<\/p>\n<p>Utilizamos tanto cookies de sesi\u00f3n como cookies persistentes para los fines que se indican a continuaci\u00f3n:<\/p>\n<ul>\n<li>\n<p><strong>Cookies necesarias \/ esenciales<\/strong><\/p>\n<p>Tipo: Cookies de sesi\u00f3n<\/p>\n<p>Administrado por: Us<\/p>\n<p>Finalidad: Estas Cookies son esenciales para proporcionarle los servicios disponibles a trav\u00e9s del Sitio Web y permitirle utilizar algunas de sus funciones. Ayudan a autenticar a los usuarios y a evitar el uso fraudulento de las cuentas de usuario. Sin estas Cookies, los servicios que Usted ha solicitado no pueden ser proporcionados, y s\u00f3lo utilizamos estas Cookies para proporcionarle dichos servicios.<\/p>\n<\/li>\n<li>\n<p><strong>Cookies de funcionalidad<\/strong><\/p>\n<p>Tipo: Cookies persistentes<\/p>\n<p>Administrado por: Us<\/p>\n<p>Finalidad: Estas Cookies nos permiten recordar las elecciones que Usted realiza cuando utiliza el Sitio Web, como recordar sus datos de inicio de sesi\u00f3n o su preferencia de idioma. El objetivo de estas Cookies es proporcionarle una experiencia m\u00e1s personal y evitar que tenga que volver a introducir sus preferencias cada vez que utilice el Sitio Web.<\/p>\n<\/li>\n<li>\n<p><strong>Cookies de seguimiento y rendimiento<\/strong><\/p>\n<p>Tipo: Cookies persistentes<\/p>\n<p>Administrado por: Terceros<\/p>\n<p>Finalidad: Estas Cookies se utilizan para rastrear informaci\u00f3n sobre el tr\u00e1fico al Sitio Web y c\u00f3mo lo utilizan los usuarios. La informaci\u00f3n recogida a trav\u00e9s de estas Cookies puede identificarle directa o indirectamente como visitante individual. Esto se debe a que la informaci\u00f3n recopilada suele estar vinculada a un identificador seud\u00f3nimo asociado al dispositivo que utiliza para acceder al sitio web. Tambi\u00e9n podemos utilizar estas Cookies para probar nuevos anuncios, p\u00e1ginas, caracter\u00edsticas o nuevas funcionalidades del Sitio Web para ver c\u00f3mo reaccionan nuestros usuarios a ellos.<\/p>\n<\/li>\n<\/ul>\n<h3>Sus opciones con respecto a las cookies<\/h3>\n<p>Si prefiere evitar el uso de Cookies en el Sitio Web, primero debe desactivar el uso de Cookies en su navegador y despu\u00e9s eliminar las Cookies guardadas en su navegador asociadas a este sitio web. Puede utilizar esta opci\u00f3n para evitar el uso de Cookies en cualquier momento.<\/p>\n<p>Si no acepta nuestras cookies, es posible que experimente algunos inconvenientes en el uso del sitio web y que algunas funciones no funcionen correctamente.<\/p>\n<p>Si desea eliminar las cookies o indicar a su navegador que las elimine o rechace, visite las p\u00e1ginas de ayuda de su navegador.<\/p>\n<p>Para cualquier otro navegador, visite las p\u00e1ginas oficiales de su navegador.<\/p>\n<h3>Contacte con nosotros<\/h3>\n<p>Si tiene alguna pregunta sobre esta Pol\u00edtica de Cookies, puede ponerse en contacto con nosotros:<\/p>\n<ul>\n<li>Por correo electr\u00f3nico: <a href=\"mailto:info@spainnewstips.com\">info@spainnewstips.com<\/a><\/li>\n<\/ul>\n","protected":false},"excerpt":{"rendered":"<p>Esta Pol\u00edtica de Cookies explica qu\u00e9 son las Cookies y c\u00f3mo las utilizamos. Usted debe leer esta pol\u00edtica para poder entender qu\u00e9 tipo de cookies utilizamos, o la informaci\u00f3n que&hellip;<\/p>\n","protected":false},"author":1,"featured_media":0,"parent":0,"menu_order":0,"comment_status":"closed","ping_status":"closed","template":"","meta":{"footnotes":""},"class_list":["post-420","page","type-page","status-publish","hentry"],"_links":{"self":[{"href":"https:\/\/spainnewstips.com\/index.php?rest_route=\/wp\/v2\/pages\/420","targetHints":{"allow":["GET"]}}],"collection":[{"href":"https:\/\/spainnewstips.com\/index.php?rest_route=\/wp\/v2\/pages"}],"about":[{"href":"https:\/\/spainnewstips.com\/index.php?rest_route=\/wp\/v2\/types\/page"}],"author":[{"embeddable":true,"href":"https:\/\/spainnewstips.com\/index.php?rest_route=\/wp\/v2\/users\/1"}],"replies":[{"embeddable":true,"href":"https:\/\/spainnewstips.com\/index.php?rest_route=%2Fwp%2Fv2%2Fcomments&post=420"}],"version-history":[{"count":1,"href":"https:\/\/spainnewstips.com\/index.php?rest_route=\/wp\/v2\/pages\/420\/revisions"}],"predecessor-version":[{"id":421,"href":"https:\/\/spainnewstips.com\/index.php?rest_route=\/wp\/v2\/pages\/420\/revisions\/421"}],"wp:attachment":[{"href":"https:\/\/spainnewstips.com\/index.php?rest_route=%2Fwp%2Fv2%2Fmedia&parent=420"}],"curies":[{"name":"wp","href":"https:\/\/api.w.org\/{rel}","templated":true}]}}